{"id":104,"date":"2011-04-20T10:47:37","date_gmt":"2011-04-20T10:47:37","guid":{"rendered":"http:\/\/doktorszekelyagnes.hu\/?page_id=104"},"modified":"2026-05-13T06:38:11","modified_gmt":"2026-05-13T06:38:11","slug":"gyermekgyogyaszat","status":"publish","type":"page","link":"https:\/\/doktorszekelyagnes.hu\/index.php\/gyermekgyogyaszat\/","title":{"rendered":"Gyermekgy\u00f3gy\u00e1szat"},"content":{"rendered":"\n<p><\/p>\n\n\n\n<p><\/p>\n\n\n\n<p><\/p>\n\n\n<div class=\"wp-block-image\">\n<figure class=\"aligncenter is-resized\"><img decoding=\"async\" src=\"https:\/\/e7.pngegg.com\/pngimages\/755\/277\/png-clipart-gif-doll-child-doll.png\" alt=\"GIF Gyerek baba, png | PNGEgg\" style=\"width:306px;height:169px\"\/><\/figure>\n<\/div>\n\n\n\n\n<p><\/p>\n\n\n<p><a href=\"https:\/\/doktorszekelyagnes.hu\/wp-content\/uploads\/2011\/04\/IMG_0547.jpg\" rel=\"lightbox[104]\"><img loading=\"lazy\" decoding=\"async\" class=\"wp-image-350 alignright\" src=\"https:\/\/doktorszekelyagnes.hu\/wp-content\/uploads\/2011\/04\/IMG_0547-300x300.jpg\" alt=\"img_0547\" width=\"266\" height=\"266\" srcset=\"https:\/\/doktorszekelyagnes.hu\/wp-content\/uploads\/2011\/04\/IMG_0547-300x300.jpg 300w, https:\/\/doktorszekelyagnes.hu\/wp-content\/uploads\/2011\/04\/IMG_0547-150x150.jpg 150w, https:\/\/doktorszekelyagnes.hu\/wp-content\/uploads\/2011\/04\/IMG_0547.jpg 480w\" sizes=\"auto, (max-width: 266px) 100vw, 266px\" \/><\/a>Teljes k\u00f6r\u0171 csecsem\u0151- \u00e9s gyermekgy\u00f3gy\u00e1szati vizsg\u00e1lat.<\/p>\n<p>Akut betegs\u00e9gek felder\u00edt\u00e9se. Kezel\u00e9si javaslat. Kr\u00f3nikus betegs\u00e9gek\u00a0 gondoz\u00e1sa, javaslat t\u00e9tel vizsg\u00e1latokra:(laborat\u00f3riumi, k\u00e9palkot\u00f3, mikrobiol\u00f3giai).<\/p>\n<p>Csecsem\u0151 t\u00e1pl\u00e1l\u00e1si \u00e9s gondoz\u00e1si tan\u00e1csok, szoptat\u00e1ssal kapcsolatos tan\u00e1csad\u00e1s. Kisded \u00e9s gyermek t\u00e1pl\u00e1l\u00e1si tan\u00e1csok.<\/p>\n<p><a href=\"https:\/\/doktorszekelyagnes.hu\/wp-content\/uploads\/2011\/04\/vizsg\u00e1ljuk-egym\u00e1st.jpg\" rel=\"lightbox[104]\"><img loading=\"lazy\" decoding=\"async\" class=\"wp-image-425 alignright\" src=\"https:\/\/doktorszekelyagnes.hu\/wp-content\/uploads\/2011\/04\/vizsg\u00e1ljuk-egym\u00e1st-300x200.jpg\" alt=\"\" width=\"365\" height=\"243\" srcset=\"https:\/\/doktorszekelyagnes.hu\/wp-content\/uploads\/2011\/04\/vizsg\u00e1ljuk-egym\u00e1st-300x200.jpg 300w, https:\/\/doktorszekelyagnes.hu\/wp-content\/uploads\/2011\/04\/vizsg\u00e1ljuk-egym\u00e1st-768x512.jpg 768w, https:\/\/doktorszekelyagnes.hu\/wp-content\/uploads\/2011\/04\/vizsg\u00e1ljuk-egym\u00e1st-1024x683.jpg 1024w\" sizes=\"auto, (max-width: 365px) 100vw, 365px\" \/><\/a><\/p>\n<p>&nbsp;<\/p>\n<p>&nbsp;<\/p>\n<p>&nbsp;<\/p>\n<p><span style=\"font-size: 14pt; color: #ff6600;\">van, hogy \u0151k vizsg\u00e1lnak engem \ud83d\ude42<\/span><\/p>\n<p><a href=\"https:\/\/doktorszekelyagnes.hu\/wp-content\/uploads\/2011\/04\/j\u00f3-gyerekek-matric\u00e1t-kapnak.jpg\" rel=\"lightbox[104]\"><img loading=\"lazy\" decoding=\"async\" class=\"wp-image-424 aligncenter\" src=\"https:\/\/doktorszekelyagnes.hu\/wp-content\/uploads\/2011\/04\/j\u00f3-gyerekek-matric\u00e1t-kapnak-300x181.jpg\" alt=\"\" width=\"527\" height=\"318\" srcset=\"https:\/\/doktorszekelyagnes.hu\/wp-content\/uploads\/2011\/04\/j\u00f3-gyerekek-matric\u00e1t-kapnak-300x181.jpg 300w, https:\/\/doktorszekelyagnes.hu\/wp-content\/uploads\/2011\/04\/j\u00f3-gyerekek-matric\u00e1t-kapnak-768x463.jpg 768w, https:\/\/doktorszekelyagnes.hu\/wp-content\/uploads\/2011\/04\/j\u00f3-gyerekek-matric\u00e1t-kapnak-1024x618.jpg 1024w\" sizes=\"auto, (max-width: 527px) 100vw, 527px\" \/><\/a><\/p>\n<p><span style=\"font-size: 14pt; color: #ff6600;\"><a style=\"color: #ff6600;\" href=\"https:\/\/doktorszekelyagnes.hu\/wp-content\/uploads\/2011\/04\/j\u00f3-gyerekek-matric\u00e1t-kapnak.jpg\" rel=\"lightbox[104]\">\u00e9s amikor m\u00e1r \u00f6nfeledt matrica v\u00e1logat\u00e1s folyik\u00a0 \ud83d\ude42\u00a0<\/a><\/span><\/p>\n\n\n<figure class=\"wp-block-image size-large\"><a href=\"https:\/\/doktorszekelyagnes.hu\/wp-content\/uploads\/2026\/05\/IMG_0228-scaled.jpg\" rel=\"lightbox[104]\"><img loading=\"lazy\" decoding=\"async\" width=\"768\" height=\"1024\" src=\"https:\/\/doktorszekelyagnes.hu\/wp-content\/uploads\/2026\/05\/IMG_0228-768x1024.jpg\" alt=\"\" class=\"wp-image-2144\" srcset=\"https:\/\/doktorszekelyagnes.hu\/wp-content\/uploads\/2026\/05\/IMG_0228-768x1024.jpg 768w, https:\/\/doktorszekelyagnes.hu\/wp-content\/uploads\/2026\/05\/IMG_0228-225x300.jpg 225w, https:\/\/doktorszekelyagnes.hu\/wp-content\/uploads\/2026\/05\/IMG_0228-1152x1536.jpg 1152w, https:\/\/doktorszekelyagnes.hu\/wp-content\/uploads\/2026\/05\/IMG_0228-1536x2048.jpg 1536w, https:\/\/doktorszekelyagnes.hu\/wp-content\/uploads\/2026\/05\/IMG_0228-scaled.jpg 1920w\" sizes=\"auto, (max-width: 768px) 100vw, 768px\" \/><\/a><\/figure>\n","protected":false},"excerpt":{"rendered":"<p>Teljes k\u00f6r\u0171 csecsem\u0151- \u00e9s gyermekgy\u00f3gy\u00e1szati vizsg\u00e1lat. Akut betegs\u00e9gek felder\u00edt\u00e9se. Kezel\u00e9si javaslat. Kr\u00f3nikus betegs\u00e9gek\u00a0 gondoz\u00e1sa, javaslat t\u00e9tel vizsg\u00e1latokra:(laborat\u00f3riumi, k\u00e9palkot\u00f3, mikrobiol\u00f3giai). Csecsem\u0151 t\u00e1pl\u00e1l\u00e1si \u00e9s gondoz\u00e1si tan\u00e1csok, szoptat\u00e1ssal kapcsolatos tan\u00e1csad\u00e1s. Kisded \u00e9s gyermek t\u00e1pl\u00e1l\u00e1si tan\u00e1csok. &nbsp; &nbsp; &nbsp; van, hogy \u0151k vizsg\u00e1lnak engem \ud83d\ude42 \u00e9s amikor m\u00e1r \u00f6nfeledt matrica v\u00e1logat\u00e1s folyik\u00a0 \ud83d\ude42\u00a0<\/p>\n","protected":false},"author":3,"featured_media":0,"parent":0,"menu_order":0,"comment_status":"closed","ping_status":"closed","template":"","meta":{"footnotes":""},"class_list":["post-104","page","type-page","status-publish","hentry"],"_links":{"self":[{"href":"https:\/\/doktorszekelyagnes.hu\/index.php\/wp-json\/wp\/v2\/pages\/104","targetHints":{"allow":["GET"]}}],"collection":[{"href":"https:\/\/doktorszekelyagnes.hu\/index.php\/wp-json\/wp\/v2\/pages"}],"about":[{"href":"https:\/\/doktorszekelyagnes.hu\/index.php\/wp-json\/wp\/v2\/types\/page"}],"author":[{"embeddable":true,"href":"https:\/\/doktorszekelyagnes.hu\/index.php\/wp-json\/wp\/v2\/users\/3"}],"replies":[{"embeddable":true,"href":"https:\/\/doktorszekelyagnes.hu\/index.php\/wp-json\/wp\/v2\/comments?post=104"}],"version-history":[{"count":98,"href":"https:\/\/doktorszekelyagnes.hu\/index.php\/wp-json\/wp\/v2\/pages\/104\/revisions"}],"predecessor-version":[{"id":2145,"href":"https:\/\/doktorszekelyagnes.hu\/index.php\/wp-json\/wp\/v2\/pages\/104\/revisions\/2145"}],"wp:attachment":[{"href":"https:\/\/doktorszekelyagnes.hu\/index.php\/wp-json\/wp\/v2\/media?parent=104"}],"curies":[{"name":"wp","href":"https:\/\/api.w.org\/{rel}","templated":true}]}}