{"id":11,"date":"2010-12-09T15:55:44","date_gmt":"2010-12-09T15:55:44","guid":{"rendered":"http:\/\/doktorszekely.developnet.hu\/"},"modified":"2026-05-13T07:37:19","modified_gmt":"2026-05-13T07:37:19","slug":"rendelesi-idok","status":"publish","type":"page","link":"https:\/\/doktorszekelyagnes.hu\/index.php\/rendelesi-idok\/","title":{"rendered":"Rendel\u00e9si id\u0151k \u00e9s \u00e1raink"},"content":{"rendered":"\n<p><\/p>\n\n\n\n<h6 class=\"wp-block-heading\">&nbsp; &nbsp; &nbsp;<span style=\"color: #ff6600;\"><em><strong><span style=\"font-size: 14pt;\">&nbsp; &nbsp; &nbsp; &nbsp; &nbsp; &nbsp; &nbsp; &nbsp; &nbsp; &nbsp; &nbsp;<\/span><\/strong><\/em><\/span><\/h6>\n\n\n\n<p class=\"has-text-align-center\"><\/p>\n\n\n\n<p class=\"has-text-align-center\"><\/p>\n\n\n<div class=\"wp-block-image\">\n<figure class=\"aligncenter size-full is-resized\"><a href=\"https:\/\/doktorszekelyagnes.hu\/wp-content\/uploads\/2026\/05\/image-4.png\" rel=\"lightbox[11]\"><img loading=\"lazy\" decoding=\"async\" width=\"225\" height=\"225\" src=\"https:\/\/doktorszekelyagnes.hu\/wp-content\/uploads\/2026\/05\/image-4.png\" alt=\"\" class=\"wp-image-2162\" style=\"width:609px;height:auto\" srcset=\"https:\/\/doktorszekelyagnes.hu\/wp-content\/uploads\/2026\/05\/image-4.png 225w, https:\/\/doktorszekelyagnes.hu\/wp-content\/uploads\/2026\/05\/image-4-150x150.png 150w\" sizes=\"auto, (max-width: 225px) 100vw, 225px\" \/><\/a><\/figure>\n<\/div>\n\n\n<p class=\"has-text-align-center\"><\/p>\n\n\n\n<p class=\"has-text-align-center\"><\/p>\n\n\n<div class=\"wp-block-image\">\n<figure class=\"aligncenter size-full is-resized\"><a href=\"https:\/\/doktorszekelyagnes.hu\/wp-content\/uploads\/2026\/05\/image-5.png\" rel=\"lightbox[11]\"><img loading=\"lazy\" decoding=\"async\" width=\"267\" height=\"189\" src=\"https:\/\/doktorszekelyagnes.hu\/wp-content\/uploads\/2026\/05\/image-5.png\" alt=\"\" class=\"wp-image-2163\" style=\"aspect-ratio:1.4127290824989753;width:633px;height:auto\"\/><\/a><\/figure>\n<\/div>\n\n\n<p class=\"has-text-align-center\"><\/p>\n\n\n\n<p class=\"has-text-align-center\"><\/p>\n\n\n\n<p class=\"has-text-align-center\"><\/p>\n\n\n\n<p class=\"has-text-align-center\"><\/p>\n\n\n\n<p class=\"has-text-align-center\"><\/p>\n\n\n\n<p class=\"has-text-align-center\"><\/p>\n\n\n\n<p class=\"has-text-align-center\"><\/p>\n\n\n\n<p class=\"has-text-align-center\"><\/p>\n\n\n\n<p class=\"has-text-align-center\"><\/p>\n\n\n\n<p class=\"has-text-align-center\"><\/p>\n\n\n\n\n\n<p class=\"has-text-align-center\"><\/p>\n\n\n\n<p class=\"has-text-align-center\"><span style=\"font-size: 10pt;\"><span style=\"color: #ff0000;\"><em><strong>&nbsp; <\/strong><\/em><\/span><\/span><\/p>\n\n\n\n<p class=\"has-text-align-center\"><\/p>\n\n\n\n\n\n<p class=\"has-text-align-center\"><\/p>\n\n\n\n<p class=\"has-text-align-center\"><\/p>\n\n\n\n<p class=\"has-text-align-center\"><\/p>\n\n\n\n<p class=\"has-text-align-center\"><\/p>\n\n\n\n<p class=\"has-text-align-center\"><span style=\"font-size: 36pt;\"><strong><span style=\"color: #ff0000;\"><em><span style=\"font-size: 12pt;\"> &nbsp; &nbsp; &nbsp; &nbsp; <\/span><\/em><\/span><\/strong><\/span><\/p>\n\n\n\n<p class=\"has-text-align-center\"><\/p>\n\n\n\n<p class=\"has-text-align-center\"><\/p>\n\n\n\n<p><\/p>\n\n\n\n<p class=\"has-text-align-center\"><\/p>\n\n\n\n<p class=\"has-text-align-center\"><\/p>\n\n\n\n<p class=\"has-text-align-center\"><\/p>\n\n\n\n<p class=\"has-text-align-center\"><\/p>\n\n\n\n<p><\/p>\n\n\n\n<p class=\"has-text-align-center\"><\/p>\n\n\n\n<p class=\"has-text-align-center\"><\/p>\n\n\n\n<p class=\"has-text-align-center\"><span style=\"font-size: 36pt;\"><strong><span style=\"color: #ff0000;\"><em><span style=\"font-size: 12pt;\">&nbsp; &nbsp; &nbsp; <\/span><\/em><\/span><\/strong><\/span><\/p>\n\n\n\n<p class=\"has-text-align-center\"><span style=\"font-size: 36pt;\"><strong><span style=\"color: #ff0000;\"><em><span style=\"font-size: 12pt;\">&nbsp; &nbsp; &nbsp; &nbsp; &nbsp; &nbsp; &nbsp; &nbsp; &nbsp; &nbsp; &nbsp; &nbsp; &nbsp; &nbsp; &nbsp; &nbsp; &nbsp; <\/span><\/em><\/span><\/strong><\/span><\/p>\n\n\n\n<p class=\"has-text-align-left\"><span style=\"font-size: 14pt;\"><span style=\"color: #ff6600;\"><em><span style=\"text-decoration: underline;\">Rendel\u00e9si id\u0151k \u00e1ltal\u00e1ban:<\/span><\/em><\/span><\/span> <\/p>\n\n\n\n<p class=\"has-text-align-left has-vivid-red-color has-text-color has-link-color has-medium-font-size wp-elements-a76dc3bafeec6d93be27d4d47d612fea\"><\/p>\n\n\n\n<p><span style=\"font-size: 14pt;\"><strong><span style=\"color: #ff6600;\"><em>kedd \u00e9s cs\u00fct\u00f6rt\u00f6k 13h-18h-ig.&nbsp;&nbsp;<\/em><\/span><\/strong><\/span><\/p>\n\n\n\n<p class=\"has-luminous-vivid-orange-color has-text-color has-link-color wp-elements-4a8b107ba93e06aa5fa23c496fc10a3e\"><\/p>\n\n\n\n<h6 class=\"wp-block-heading\"><span style=\"color: #ff0000; font-size: 12pt;\"><strong><em><span style=\"font-size: 14pt;\">Id\u0151pontok a bejelentkez\u00e9skori r\u00f6vid konzult\u00e1ci\u00f3k f\u00fcggv\u00e9ny\u00e9ben, lehet\u0151leg az \u00d6n\u00f6k ig\u00e9nyeihez alkalmazkodva.&nbsp;<\/span><\/em><\/strong><\/span><\/h6>\n\n\n\n<p class=\"has-vivid-purple-color has-text-color has-link-color has-medium-font-size wp-elements-d37af4ca9ba88db3029c2bdc184a58ac\"><em>A bejelentkez\u00e9seket sz\u00edvesen fogadom e-mailban , vagy telefonon. Minden esetben sz\u00fcks\u00e9ges a panaszok r\u00f6vid ismertet\u00e9se !<\/em><\/p>\n\n\n\n<p><span style=\"color: #3366ff;\"><em><span style=\"font-size: 18pt;\"><span style=\"font-size: 14pt;\"><span style=\"font-size: 18pt;\"><strong>A rendel\u0151ben <\/strong><\/span><\/span><\/span><\/em><\/span><span style=\"color: #3366ff;\"><em><span style=\"font-size: 18pt;\"><span style=\"font-size: 14pt;\"><span style=\"font-size: 18pt;\"><strong>a <span style=\"text-decoration: underline; font-size: 24pt;\">maszk<\/span> visel\u00e9se<\/strong><\/span><\/span><\/span><\/em><\/span><\/p>\n\n\n\n<p><span style=\"color: #3366ff;\"><em><span style=\"font-size: 18pt;\"><span style=\"font-size: 14pt;\"><span style=\"font-size: 18pt;\"><strong> k\u00f6telez\u0151!<\/strong><\/span><\/span><\/span><\/em><\/span><\/p>\n\n\n\n<p><em><strong><span style=\"color: #0000ff;\">&nbsp; &nbsp; &nbsp; &nbsp; &nbsp; &nbsp; <span style=\"font-size: 10pt;\"><span style=\"font-size: 12pt;\">&nbsp;Vigy\u00e1zzanak Magukra!<\/span><\/span><\/span><\/strong><\/em><\/p>\n\n\n\n<h1 class=\"wp-block-heading\"><strong><span style=\"font-size: 12pt; color: #3366ff;\"><em>Vigy\u00e1zzunk Egym\u00e1sra!<\/em><\/span><\/strong><\/h1>\n\n\n\n<h3 class=\"wp-block-heading\"><figure><img loading=\"lazy\" decoding=\"async\" class=\"aligncenter\" src=\"https:\/\/encrypted-tbn0.gstatic.com\/images?q=tbn%3AANd9GcSOwOpGfxab_GaxaMUhzEwCxbLMrc_7er8PXQ&amp;usqp=CAU\" alt=\"Coronavirus - ISGLOBAL\" width=\"181\" height=\"85\"\/><\/figure><\/h3>\n\n\n\n<pre class=\"wp-block-preformatted\">&nbsp;<\/pre>\n\n\n\n<p><span style=\"color: #ff0000;\">Tisztelettel k\u00e9rj\u00fck kedves Partnereinket, amennyiben a k\u00e9rt id\u0151pontra m\u00e9g sem tudnak&nbsp;<\/span><\/p>\n\n\n\n<p><span style=\"color: #ff0000;\">elj\u00f6nni, ezt m\u00e9g a rendel\u00e9s el\u0151tt jelezz\u00e9k (e-mail ,sms, telefon ). <\/span><\/p>\n\n\n\n<p><strong><span style=\"color: #ff0000;\">NEM NEKEM TESZNEK ROSSZAT, HA SZ\u00d3 N\u00c9LK\u00dcL NEM J\u00d6NNEK EL A MEGBESZ\u00c9LT ID\u0150PONTRA, HANEM A HOSSZ\u00da IDEJE ELL\u00c1T\u00c1SRA V\u00c1R\u00d3 EMBERT\u00c1RSAIKNAK . LEGY\u00dcNK EGY PICIT FIGYELMESEBBEK EGYM\u00c1S IR\u00c1NT!<\/span><\/strong><\/p>\n\n\n\n<p><span style=\"color: #ff0000;\">K\u00f6sz\u00f6nj\u00fck!<\/span><\/p>\n\n\n\n<h3 class=\"wp-block-heading\">&nbsp;<\/h3>\n\n\n\n<figure class=\"wp-block-image\"><img decoding=\"async\" src=\"https:\/\/doktorszekelyagnes.hu\/wp-content\/uploads\/2010\/12\/0002031F1.gif\" alt=\"\"\/><\/figure>\n\n\n\n<p><\/p>\n\n\n\n<p>************************************************************************<\/p>\n\n\n\n<p><strong>\u00c1raink- 2026 janu\u00e1r 1- t\u0151l <\/strong><\/p>\n\n\n\n<p class=\"has-text-color has-link-color wp-elements-80b8997753eee00ee402c2dec43e7d93\" style=\"color:#e70d0d\"><strong>FIZET\u00c9S CSAK K\u00c9SZP\u00c9NZBEN LEHETS\u00c9GES, MEG\u00c9RT\u00c9S\u00dcKET K\u00d6SZ\u00d6NJ\u00dcK.<\/strong><\/p>\n\n\n\n<p>F\u00fcl-orr-g\u00e9g\u00e9szeti vizsg\u00e1lat<\/p>\n\n\n\n<p>&nbsp;( r\u00e9szletes anamn\u00e9zis, vizsg\u00e1lat, kezel\u00e9s, v\u00e9ny\u00edr\u00e1s) &#8230;&#8230;&#8230;&#8230;&#8230;&#8230;&#8230;&#8230;&#8230;&#8230;&#8230;&#8230;&#8230;&#8230;&#8230; 15.000 Ft<br \/>************************************************************************<\/p>\n\n\n\n<p>Visszarendelt kontroll ( vizsg\u00e1lat, kezel\u00e9s, v\u00e9ny\u00edr\u00e1s)&#8230;&#8230;&#8230;&#8230;&#8230;&#8230;&#8230;..10.000Ft<br \/>************************************************************************<\/p>\n\n\n\n<p><span style=\"font-size: 14pt;\">On-line konzult\u00e1ci\u00f3 ( messenger, e-mail, telefon stb.) valamint v\u00e9ny\u00edr\u00e1s:&nbsp; <em><strong>INGYENES<\/strong><\/em><\/span>&nbsp; &nbsp; &nbsp;***********************************************************************<\/p>\n\n\n\n<p><span style=\"color: #333333;\"><span style=\"font-size: 18.72px;\"><u>Dr. Sz\u00e9kely \u00c1gnes mag\u00e1norvosi rendel\u0151je<\/u><\/span><\/span><\/p>\n\n\n\n<p>5309 Berekf\u00fcrd\u0151, Musk\u00e1tli utca 7.<br \/>Telefon: + 36 30 949 0 525<br \/>E-mail: <a href=\"mailto:dr.szekely.agnes@gmail.com\">dr.szekely.agnes@gmail.com<\/a><\/p>\n\n\n\n<figure class=\"wp-block-gallery has-nested-images columns-default is-cropped wp-block-gallery-1 is-layout-flex wp-block-gallery-is-layout-flex\"><\/figure>\n\n\n\n<figure class=\"wp-block-image size-large\"><a href=\"https:\/\/doktorszekelyagnes.hu\/wp-content\/uploads\/2026\/05\/IMG_0228-1-scaled.jpg\" rel=\"lightbox[11]\"><img loading=\"lazy\" decoding=\"async\" width=\"768\" height=\"1024\" src=\"https:\/\/doktorszekelyagnes.hu\/wp-content\/uploads\/2026\/05\/IMG_0228-1-768x1024.jpg\" alt=\"\" class=\"wp-image-2164\" srcset=\"https:\/\/doktorszekelyagnes.hu\/wp-content\/uploads\/2026\/05\/IMG_0228-1-768x1024.jpg 768w, https:\/\/doktorszekelyagnes.hu\/wp-content\/uploads\/2026\/05\/IMG_0228-1-225x300.jpg 225w, https:\/\/doktorszekelyagnes.hu\/wp-content\/uploads\/2026\/05\/IMG_0228-1-1152x1536.jpg 1152w, https:\/\/doktorszekelyagnes.hu\/wp-content\/uploads\/2026\/05\/IMG_0228-1-1536x2048.jpg 1536w, https:\/\/doktorszekelyagnes.hu\/wp-content\/uploads\/2026\/05\/IMG_0228-1-scaled.jpg 1920w\" sizes=\"auto, (max-width: 768px) 100vw, 768px\" \/><\/a><\/figure>\n","protected":false},"excerpt":{"rendered":"<p>&nbsp; &nbsp; &nbsp;&nbsp; &nbsp; &nbsp; &nbsp; &nbsp; &nbsp; &nbsp; &nbsp; &nbsp; &nbsp; &nbsp; &nbsp; &nbsp; &nbsp; &nbsp; &nbsp; &nbsp; &nbsp; &nbsp; &nbsp; &nbsp; &nbsp; &nbsp; &nbsp; &nbsp; &nbsp; &nbsp; &nbsp; &nbsp; &nbsp; &nbsp; &nbsp; &nbsp; &nbsp; &nbsp; &nbsp; Rendel\u00e9si id\u0151k \u00e1ltal\u00e1ban: kedd \u00e9s cs\u00fct\u00f6rt\u00f6k 13h-18h-ig.&nbsp;&nbsp; Id\u0151pontok a bejelentkez\u00e9skori r\u00f6vid konzult\u00e1ci\u00f3k f\u00fcggv\u00e9ny\u00e9ben, lehet\u0151leg az \u00d6n\u00f6k ig\u00e9nyeihez [&hellip;]<\/p>\n","protected":false},"author":1,"featured_media":0,"parent":0,"menu_order":0,"comment_status":"open","ping_status":"open","template":"","meta":{"footnotes":""},"class_list":["post-11","page","type-page","status-publish","hentry"],"_links":{"self":[{"href":"https:\/\/doktorszekelyagnes.hu\/index.php\/wp-json\/wp\/v2\/pages\/11","targetHints":{"allow":["GET"]}}],"collection":[{"href":"https:\/\/doktorszekelyagnes.hu\/index.php\/wp-json\/wp\/v2\/pages"}],"about":[{"href":"https:\/\/doktorszekelyagnes.hu\/index.php\/wp-json\/wp\/v2\/types\/page"}],"author":[{"embeddable":true,"href":"https:\/\/doktorszekelyagnes.hu\/index.php\/wp-json\/wp\/v2\/users\/1"}],"replies":[{"embeddable":true,"href":"https:\/\/doktorszekelyagnes.hu\/index.php\/wp-json\/wp\/v2\/comments?post=11"}],"version-history":[{"count":372,"href":"https:\/\/doktorszekelyagnes.hu\/index.php\/wp-json\/wp\/v2\/pages\/11\/revisions"}],"predecessor-version":[{"id":2165,"href":"https:\/\/doktorszekelyagnes.hu\/index.php\/wp-json\/wp\/v2\/pages\/11\/revisions\/2165"}],"wp:attachment":[{"href":"https:\/\/doktorszekelyagnes.hu\/index.php\/wp-json\/wp\/v2\/media?parent=11"}],"curies":[{"name":"wp","href":"https:\/\/api.w.org\/{rel}","templated":true}]}}