{"id":16,"date":"2010-12-09T16:38:48","date_gmt":"2010-12-09T16:38:48","guid":{"rendered":"http:\/\/doktorszekely.developnet.hu\/"},"modified":"2026-05-13T07:08:50","modified_gmt":"2026-05-13T07:08:50","slug":"hol-vagyunk","status":"publish","type":"page","link":"https:\/\/doktorszekelyagnes.hu\/index.php\/hol-vagyunk\/","title":{"rendered":"T\u00e9rk\u00e9p"},"content":{"rendered":"\n<p><\/p>\n\n\n\n<p><\/p>\n\n\n\n<p><\/p>\n\n\n\n<p><\/p>\n\n\n<div class=\"wp-block-image\">\n<figure class=\"aligncenter size-full\"><a href=\"https:\/\/doktorszekelyagnes.hu\/wp-content\/uploads\/2022\/07\/image-1.png\" rel=\"lightbox[16]\"><img loading=\"lazy\" decoding=\"async\" width=\"578\" height=\"470\" src=\"https:\/\/doktorszekelyagnes.hu\/wp-content\/uploads\/2022\/07\/image-1.png\" alt=\"\" class=\"wp-image-1417\" srcset=\"https:\/\/doktorszekelyagnes.hu\/wp-content\/uploads\/2022\/07\/image-1.png 578w, https:\/\/doktorszekelyagnes.hu\/wp-content\/uploads\/2022\/07\/image-1-300x244.png 300w\" sizes=\"auto, (max-width: 578px) 100vw, 578px\" \/><\/a><\/figure>\n<\/div>\n\n\n<figure class=\"wp-block-image size-full\"><a href=\"https:\/\/doktorszekelyagnes.hu\/wp-content\/uploads\/2022\/07\/image-2.png\" rel=\"lightbox[16]\"><img loading=\"lazy\" decoding=\"async\" width=\"578\" height=\"757\" src=\"https:\/\/doktorszekelyagnes.hu\/wp-content\/uploads\/2022\/07\/image-2.png\" alt=\"\" class=\"wp-image-1418\" srcset=\"https:\/\/doktorszekelyagnes.hu\/wp-content\/uploads\/2022\/07\/image-2.png 578w, https:\/\/doktorszekelyagnes.hu\/wp-content\/uploads\/2022\/07\/image-2-229x300.png 229w\" sizes=\"auto, (max-width: 578px) 100vw, 578px\" \/><\/a><\/figure>\n\n\n<div class=\"wp-block-image\">\n<figure class=\"alignleft size-large is-resized\"><a href=\"https:\/\/doktorszekelyagnes.hu\/wp-content\/uploads\/2026\/05\/IMG_8059-scaled.jpg\" rel=\"lightbox[16]\"><img loading=\"lazy\" decoding=\"async\" width=\"816\" height=\"1024\" src=\"https:\/\/doktorszekelyagnes.hu\/wp-content\/uploads\/2026\/05\/IMG_8059-816x1024.jpg\" alt=\"\" class=\"wp-image-2153\" style=\"aspect-ratio:0.7968994804980621;width:391px;height:auto\" srcset=\"https:\/\/doktorszekelyagnes.hu\/wp-content\/uploads\/2026\/05\/IMG_8059-816x1024.jpg 816w, https:\/\/doktorszekelyagnes.hu\/wp-content\/uploads\/2026\/05\/IMG_8059-239x300.jpg 239w, https:\/\/doktorszekelyagnes.hu\/wp-content\/uploads\/2026\/05\/IMG_8059-768x964.jpg 768w, https:\/\/doktorszekelyagnes.hu\/wp-content\/uploads\/2026\/05\/IMG_8059-1223x1536.jpg 1223w, https:\/\/doktorszekelyagnes.hu\/wp-content\/uploads\/2026\/05\/IMG_8059-1631x2048.jpg 1631w, https:\/\/doktorszekelyagnes.hu\/wp-content\/uploads\/2026\/05\/IMG_8059-scaled.jpg 2039w\" sizes=\"auto, (max-width: 816px) 100vw, 816px\" \/><\/a><\/figure>\n<\/div>\n\n<div class=\"wp-block-image is-resized\">\n<figure class=\"alignleft size-large\"><a href=\"https:\/\/doktorszekelyagnes.hu\/wp-content\/uploads\/2026\/05\/IMG_8058-scaled.jpg\" rel=\"lightbox[16]\"><img loading=\"lazy\" decoding=\"async\" width=\"821\" height=\"1024\" src=\"https:\/\/doktorszekelyagnes.hu\/wp-content\/uploads\/2026\/05\/IMG_8058-821x1024.jpg\" alt=\"\" class=\"wp-image-2151\" style=\"aspect-ratio:0.8017753597251056;width:393px;height:auto\" srcset=\"https:\/\/doktorszekelyagnes.hu\/wp-content\/uploads\/2026\/05\/IMG_8058-821x1024.jpg 821w, https:\/\/doktorszekelyagnes.hu\/wp-content\/uploads\/2026\/05\/IMG_8058-240x300.jpg 240w, https:\/\/doktorszekelyagnes.hu\/wp-content\/uploads\/2026\/05\/IMG_8058-768x958.jpg 768w, https:\/\/doktorszekelyagnes.hu\/wp-content\/uploads\/2026\/05\/IMG_8058-1231x1536.jpg 1231w, https:\/\/doktorszekelyagnes.hu\/wp-content\/uploads\/2026\/05\/IMG_8058-1641x2048.jpg 1641w\" sizes=\"auto, (max-width: 821px) 100vw, 821px\" \/><\/a><figcaption class=\"wp-element-caption\"><strong><em><span class=\"has-inline-color has-vivid-red-color\">Berekf\u00fcrd\u0151 Musk\u00e1tli utca 7.<\/span><\/em><\/strong><br \/><br \/>   <\/figcaption><\/figure>\n<\/div>\n\n\n<figure class=\"wp-block-image size-thumbnail\"><img loading=\"lazy\" decoding=\"async\" width=\"1368\" height=\"769\" src=\"https:\/\/doktorszekelyagnes.hu\/wp-content\/uploads\/2021\/10\/Terkep-Muskatli-utca.jpg\" alt=\"\" class=\"wp-image-1225\" srcset=\"https:\/\/doktorszekelyagnes.hu\/wp-content\/uploads\/2021\/10\/Terkep-Muskatli-utca.jpg 1368w, https:\/\/doktorszekelyagnes.hu\/wp-content\/uploads\/2021\/10\/Terkep-Muskatli-utca-300x169.jpg 300w, https:\/\/doktorszekelyagnes.hu\/wp-content\/uploads\/2021\/10\/Terkep-Muskatli-utca-1024x576.jpg 1024w, https:\/\/doktorszekelyagnes.hu\/wp-content\/uploads\/2021\/10\/Terkep-Muskatli-utca-768x432.jpg 768w\" sizes=\"auto, (max-width: 1368px) 100vw, 1368px\" \/><\/figure>\n\n\n<div class=\"wp-block-image\">\n<figure class=\"aligncenter size-large\"><a href=\"https:\/\/doktorszekelyagnes.hu\/wp-content\/uploads\/2025\/11\/IMG_6818-scaled.jpeg\" rel=\"lightbox[16]\"><img loading=\"lazy\" decoding=\"async\" width=\"768\" height=\"1024\" src=\"https:\/\/doktorszekelyagnes.hu\/wp-content\/uploads\/2025\/11\/IMG_6818-768x1024.jpeg\" alt=\"\" class=\"wp-image-2008\" srcset=\"https:\/\/doktorszekelyagnes.hu\/wp-content\/uploads\/2025\/11\/IMG_6818-768x1024.jpeg 768w, https:\/\/doktorszekelyagnes.hu\/wp-content\/uploads\/2025\/11\/IMG_6818-225x300.jpeg 225w, https:\/\/doktorszekelyagnes.hu\/wp-content\/uploads\/2025\/11\/IMG_6818-1152x1536.jpeg 1152w, https:\/\/doktorszekelyagnes.hu\/wp-content\/uploads\/2025\/11\/IMG_6818-1536x2048.jpeg 1536w, https:\/\/doktorszekelyagnes.hu\/wp-content\/uploads\/2025\/11\/IMG_6818-scaled.jpeg 1920w\" sizes=\"auto, (max-width: 768px) 100vw, 768px\" \/><\/a><\/figure>\n<\/div>","protected":false},"excerpt":{"rendered":"","protected":false},"author":1,"featured_media":0,"parent":0,"menu_order":0,"comment_status":"open","ping_status":"open","template":"","meta":{"footnotes":""},"class_list":["post-16","page","type-page","status-publish","hentry"],"_links":{"self":[{"href":"https:\/\/doktorszekelyagnes.hu\/index.php\/wp-json\/wp\/v2\/pages\/16","targetHints":{"allow":["GET"]}}],"collection":[{"href":"https:\/\/doktorszekelyagnes.hu\/index.php\/wp-json\/wp\/v2\/pages"}],"about":[{"href":"https:\/\/doktorszekelyagnes.hu\/index.php\/wp-json\/wp\/v2\/types\/page"}],"author":[{"embeddable":true,"href":"https:\/\/doktorszekelyagnes.hu\/index.php\/wp-json\/wp\/v2\/users\/1"}],"replies":[{"embeddable":true,"href":"https:\/\/doktorszekelyagnes.hu\/index.php\/wp-json\/wp\/v2\/comments?post=16"}],"version-history":[{"count":99,"href":"https:\/\/doktorszekelyagnes.hu\/index.php\/wp-json\/wp\/v2\/pages\/16\/revisions"}],"predecessor-version":[{"id":2155,"href":"https:\/\/doktorszekelyagnes.hu\/index.php\/wp-json\/wp\/v2\/pages\/16\/revisions\/2155"}],"wp:attachment":[{"href":"https:\/\/doktorszekelyagnes.hu\/index.php\/wp-json\/wp\/v2\/media?parent=16"}],"curies":[{"name":"wp","href":"https:\/\/api.w.org\/{rel}","templated":true}]}}