{"id":7,"date":"2010-12-09T15:54:13","date_gmt":"2010-12-09T15:54:13","guid":{"rendered":"http:\/\/doktorszekely.developnet.hu\/?page_id=7"},"modified":"2026-05-13T07:27:41","modified_gmt":"2026-05-13T07:27:41","slug":"ful-orr-gege-gyogyaszat","status":"publish","type":"page","link":"https:\/\/doktorszekelyagnes.hu\/index.php\/ful-orr-gege-gyogyaszat\/","title":{"rendered":"F\u00fcl-orr-g\u00e9ge gy\u00f3gy\u00e1szat"},"content":{"rendered":"\n<p><\/p>\n\n\n\n<p><\/p>\n\n\n\n<p><\/p>\n\n\n\n<p><\/p>\n\n\n\n<p><\/p>\n\n\n\n<p><\/p>\n\n\n\n<p><\/p>\n\n\n\n<p><\/p>\n\n\n\n<p><\/p>\n\n\n\n<p><\/p>\n\n\n\n<p><\/p>\n\n\n\n<p><\/p>\n\n\n\n<p><\/p>\n\n\n\n<p><\/p>\n\n\n\n<p><\/p>\n\n\n\n<p><\/p>\n\n\n\n<p><\/p>\n\n\n\n<p><\/p>\n\n\n\n<p><\/p>\n\n\n\n<p><\/p>\n\n\n\n<p><\/p>\n\n\n\n<p><\/p>\n\n\n\n<p><\/p>\n\n\n\n<p><\/p>\n\n\n\n<p><\/p>\n\n\n\n<p><\/p>\n\n\n\n<p><\/p>\n\n\n\n<p><\/p>\n\n\n\n<p><\/p>\n\n\n\n<p><\/p>\n\n\n\n<p><\/p>\n\n\n\n<p><\/p>\n\n\n\n<p><\/p>\n\n\n\n<p><\/p>\n\n\n\n<p><\/p>\n\n\n\n<p><\/p>\n\n\n\n<p><\/p>\n\n\n\n<p><\/p>\n\n\n\n<p><\/p>\n\n\n\n<p><\/p>\n\n\n\n<p><\/p>\n\n\n\n<p><\/p>\n\n\n\n<p><\/p>\n\n\n\n<p><\/p>\n\n\n\n<p><\/p>\n\n\n\n<p><\/p>\n\n\n\n<p><\/p>\n\n\n\n<p><\/p>\n\n\n\n<p><\/p>\n\n\n\n<p><\/p>\n\n\n\n<p><\/p>\n\n\n\n<p><\/p>\n\n\n\n<p><\/p>\n\n\n\n<p><\/p>\n\n\n\n<p><\/p>\n\n\n\n<p><\/p>\n\n\n\n<p><\/p>\n\n\n<div class=\"wp-block-image\">\n<figure class=\"aligncenter\"><img decoding=\"async\" src=\"https:\/\/ci4.googleusercontent.com\/proxy\/nrRRhiIv_KHg9bRN0I1Z1GEp67PUQLX5oc1SSsiLQK8DKxn2Lrrrs9s8CpnhVZn5EUMQ5m0dr0IbP8NTpi4RAdc2aGA0v67QJV4i=s0-d-e1-ft#https:\/\/www.mozaweb.hu\/mozaik3D\/BIO\/ember\/hallas\/960.jpg\" alt=\"A f\u00fcl \u00e9s a hall\u00e1s folyamata - 3D modell - Mozaik Digit\u00e1lis Oktat\u00e1s\" style=\"aspect-ratio:1.8274509803921568\"\/><\/figure>\n<\/div>\n\n<div class=\"wp-block-image\">\n<figure class=\"alignright size-large\"><a href=\"https:\/\/doktorszekelyagnes.hu\/wp-content\/uploads\/2026\/05\/IMG_8056-scaled.jpg\" rel=\"lightbox[7]\"><img loading=\"lazy\" decoding=\"async\" width=\"1024\" height=\"768\" src=\"https:\/\/doktorszekelyagnes.hu\/wp-content\/uploads\/2026\/05\/IMG_8056-1024x768.jpg\" alt=\"\" class=\"wp-image-2148\" srcset=\"https:\/\/doktorszekelyagnes.hu\/wp-content\/uploads\/2026\/05\/IMG_8056-1024x768.jpg 1024w, https:\/\/doktorszekelyagnes.hu\/wp-content\/uploads\/2026\/05\/IMG_8056-300x225.jpg 300w, https:\/\/doktorszekelyagnes.hu\/wp-content\/uploads\/2026\/05\/IMG_8056-768x576.jpg 768w, https:\/\/doktorszekelyagnes.hu\/wp-content\/uploads\/2026\/05\/IMG_8056-1536x1152.jpg 1536w, https:\/\/doktorszekelyagnes.hu\/wp-content\/uploads\/2026\/05\/IMG_8056-2048x1536.jpg 2048w\" sizes=\"auto, (max-width: 1024px) 100vw, 1024px\" \/><\/a><\/figure>\n<\/div>\n\n\n<p><\/p>\n\n\n<p><strong><em><span style=\"font-size: 18pt;\">Gyermek \u00e9s feln\u0151tt f\u00fcl-orr g\u00e9g\u00e9szeti\u00a0 \u00a0 \u00a0 \u00a0 \u00a0 \u00a0 \u00a0 \u00a0 <\/span><\/em><\/strong><\/p>\n<p><strong><em><span style=\"font-size: 18pt;\">kivizsg\u00e1l\u00e1s\u00a0 \u00e9s ell\u00e1t\u00e1s.<\/span><\/em><\/strong><\/p>\n<h6><span style=\"font-size: 12pt;\">R\u00e1ksz\u0171r\u00e9s.<\/span><\/h6>\n<h6><span style=\"font-size: 12pt;\"> Allergi\u00e1s panaszok kezel\u00e9se. <\/span><\/h6>\n<h6><span style=\"font-size: 12pt;\">Mikrobiol\u00f3giai mintev\u00e9tel.<\/span><\/h6>\n<h6><span style=\"font-size: 12pt;\">Sz\u00fcks\u00e9g eset\u00e9n m\u0171t\u00e9ti megold\u00e1s megszervez\u00e9se.<\/span><\/h6>\n<p><a href=\"https:\/\/doktorszekelyagnes.hu\/wp-content\/uploads\/2010\/12\/tymp..jpg\" rel=\"lightbox[7]\"><img loading=\"lazy\" decoding=\"async\" class=\"wp-image-417 alignright\" src=\"https:\/\/doktorszekelyagnes.hu\/wp-content\/uploads\/2010\/12\/tymp.-300x200.jpg\" alt=\"\" width=\"381\" height=\"254\" srcset=\"https:\/\/doktorszekelyagnes.hu\/wp-content\/uploads\/2010\/12\/tymp.-300x200.jpg 300w, https:\/\/doktorszekelyagnes.hu\/wp-content\/uploads\/2010\/12\/tymp.-768x512.jpg 768w, https:\/\/doktorszekelyagnes.hu\/wp-content\/uploads\/2010\/12\/tymp.-1024x683.jpg 1024w\" sizes=\"auto, (max-width: 381px) 100vw, 381px\" \/><\/a><\/p>\n<p><a href=\"https:\/\/doktorszekelyagnes.hu\/wp-content\/uploads\/2010\/12\/sz\u00e9pszem\u0171.jpg\" rel=\"lightbox[7]\"><img loading=\"lazy\" decoding=\"async\" class=\" wp-image-419 alignleft\" src=\"https:\/\/doktorszekelyagnes.hu\/wp-content\/uploads\/2010\/12\/sz\u00e9pszem\u0171-300x200.jpg\" alt=\"\" width=\"482\" height=\"321\" srcset=\"https:\/\/doktorszekelyagnes.hu\/wp-content\/uploads\/2010\/12\/sz\u00e9pszem\u0171-300x200.jpg 300w, https:\/\/doktorszekelyagnes.hu\/wp-content\/uploads\/2010\/12\/sz\u00e9pszem\u0171-768x512.jpg 768w, https:\/\/doktorszekelyagnes.hu\/wp-content\/uploads\/2010\/12\/sz\u00e9pszem\u0171-1024x683.jpg 1024w\" sizes=\"auto, (max-width: 482px) 100vw, 482px\" \/><\/a><\/p>\n<h6><span style=\"font-size: 12pt;\">M\u0171szeres vizsg\u00e1lat, k\u00f6z\u00e9pf\u00fcl anal\u00edzis.<\/span><\/h6>\n<p>&nbsp;<\/p>\n<p>&nbsp;<\/p>\n<p>&nbsp;<\/p>\n<div id=\"attachment_422\" style=\"width: 399px\" class=\"wp-caption aligncenter\"><a href=\"https:\/\/doktorszekelyagnes.hu\/wp-content\/uploads\/2010\/12\/tymp2.jpg\" rel=\"lightbox[7]\"><img loading=\"lazy\" decoding=\"async\" aria-describedby=\"caption-attachment-422\" class=\"wp-image-422\" src=\"https:\/\/doktorszekelyagnes.hu\/wp-content\/uploads\/2010\/12\/tymp2-300x200.jpg\" alt=\"\" width=\"389\" height=\"259\" srcset=\"https:\/\/doktorszekelyagnes.hu\/wp-content\/uploads\/2010\/12\/tymp2-300x200.jpg 300w, https:\/\/doktorszekelyagnes.hu\/wp-content\/uploads\/2010\/12\/tymp2-768x512.jpg 768w, https:\/\/doktorszekelyagnes.hu\/wp-content\/uploads\/2010\/12\/tymp2-1024x683.jpg 1024w\" sizes=\"auto, (max-width: 389px) 100vw, 389px\" \/><\/a><p id=\"caption-attachment-422\" class=\"wp-caption-text\"><span style=\"font-size: 18pt;\">\u00a0 \u00a0 \u00a0 \u00a0 \u00a0 \u00a0 \u00a0 \u00a0 \u00a0 \u00a0 \u00a0 \u00a0 \u00a0 \u00a0 \u00a0 \u00a0 \u00a0 \u00a0 \u00a0 \u00a0 \u00a0 \u00a0 \u00a0 \u00a0 \u00a0 \u00a0 \u00a0 \u00a0 \u00a0 \u00a0 \u00a0 \u00a0\u00a0<span style=\"font-size: 12pt;\">Az \u00e9rdekl\u0151d\u0151knek elmagyar\u00e1zzuk a m\u0171szer m\u0171k\u00f6d\u00e9s\u00e9t.<\/span><\/span><\/p><\/div>","protected":false},"excerpt":{"rendered":"<p>Gyermek \u00e9s feln\u0151tt f\u00fcl-orr g\u00e9g\u00e9szeti\u00a0 \u00a0 \u00a0 \u00a0 \u00a0 \u00a0 \u00a0 \u00a0 kivizsg\u00e1l\u00e1s\u00a0 \u00e9s ell\u00e1t\u00e1s. R\u00e1ksz\u0171r\u00e9s. Allergi\u00e1s panaszok kezel\u00e9se. Mikrobiol\u00f3giai mintev\u00e9tel. Sz\u00fcks\u00e9g eset\u00e9n m\u0171t\u00e9ti megold\u00e1s megszervez\u00e9se. M\u0171szeres vizsg\u00e1lat, k\u00f6z\u00e9pf\u00fcl anal\u00edzis. &nbsp; &nbsp; &nbsp;<\/p>\n","protected":false},"author":1,"featured_media":0,"parent":0,"menu_order":0,"comment_status":"open","ping_status":"open","template":"","meta":{"footnotes":""},"class_list":["post-7","page","type-page","status-publish","hentry"],"_links":{"self":[{"href":"https:\/\/doktorszekelyagnes.hu\/index.php\/wp-json\/wp\/v2\/pages\/7","targetHints":{"allow":["GET"]}}],"collection":[{"href":"https:\/\/doktorszekelyagnes.hu\/index.php\/wp-json\/wp\/v2\/pages"}],"about":[{"href":"https:\/\/doktorszekelyagnes.hu\/index.php\/wp-json\/wp\/v2\/types\/page"}],"author":[{"embeddable":true,"href":"https:\/\/doktorszekelyagnes.hu\/index.php\/wp-json\/wp\/v2\/users\/1"}],"replies":[{"embeddable":true,"href":"https:\/\/doktorszekelyagnes.hu\/index.php\/wp-json\/wp\/v2\/comments?post=7"}],"version-history":[{"count":85,"href":"https:\/\/doktorszekelyagnes.hu\/index.php\/wp-json\/wp\/v2\/pages\/7\/revisions"}],"predecessor-version":[{"id":2158,"href":"https:\/\/doktorszekelyagnes.hu\/index.php\/wp-json\/wp\/v2\/pages\/7\/revisions\/2158"}],"wp:attachment":[{"href":"https:\/\/doktorszekelyagnes.hu\/index.php\/wp-json\/wp\/v2\/media?parent=7"}],"curies":[{"name":"wp","href":"https:\/\/api.w.org\/{rel}","templated":true}]}}